{"id":44435,"date":"2026-02-18T13:14:14","date_gmt":"2026-02-18T12:14:14","guid":{"rendered":"https:\/\/www.km-decor.ch\/?post_type=product&#038;p=44435"},"modified":"2026-04-28T09:31:08","modified_gmt":"2026-04-28T07:31:08","slug":"led-auf-anbauleuchte-deco-line","status":"publish","type":"product","link":"https:\/\/www.km-decor.ch\/fr\/produkt\/led-auf-anbauleuchte-deco-line\/","title":{"rendered":"Luminaire LED apparent \/ encastr\u00e9 Deco-Line"},"content":{"rendered":"<p>24 V DC \/ 16,5 W\/m1 \/ RA92 \/ 85 Lm\/W \/ 3000 K \/ c\u00e2ble de raccordement de 2000 mm avec mini-fiche JMT \/ cache opale avec barrette \u00e0 harpon pour bandes LED \/ embouts inclus \/ intensit\u00e9 variable<\/p>\n<p>ATTENTION : 4000K (LL060529\/L) - m\u00eame prix que 3000K<\/p>\n<p><strong>Fabrication sp\u00e9ciale sur mesure !<\/strong><br \/>\n<strong>D\u00e9lai de livraison : 3 \u00e0 4 semaines apr\u00e8s r\u00e9ception de la commande<\/strong><\/p>","protected":false},"excerpt":{"rendered":"<p>24V DC \/ 16.5W\/m1 \/ RA92 \/ 85Lm\/W \/ 3000K \/ Anschlussleitung 2000mm mit JMT Ministecker \/ opale Abdeckung mit Harpunensteg f\u00fcr LED Strip's \/ inkl. Endkappen \/ dimmbar ACHTUNG: 4000K (LL060529\/L) - gleicher Preis wie 3000K Sonderanfertigung auf Mass! Lieferzeit: 3-4 Wochen nach Auftragseingang<\/p>","protected":false},"featured_media":44490,"comment_status":"closed","ping_status":"closed","template":"","meta":{"_acf_changed":false},"product_brand":[],"product_cat":[29],"product_tag":[],"class_list":{"0":"post-44435","1":"product","2":"type-product","3":"status-publish","4":"has-post-thumbnail","6":"product_cat-led-aufbau-linear","8":"first","9":"instock","10":"purchasable","11":"product-type-variable","12":"has-default-attributes"},"acf":[],"_links":{"self":[{"href":"https:\/\/www.km-decor.ch\/fr\/wp-json\/wp\/v2\/product\/44435","targetHints":{"allow":["GET"]}}],"collection":[{"href":"https:\/\/www.km-decor.ch\/fr\/wp-json\/wp\/v2\/product"}],"about":[{"href":"https:\/\/www.km-decor.ch\/fr\/wp-json\/wp\/v2\/types\/product"}],"replies":[{"embeddable":true,"href":"https:\/\/www.km-decor.ch\/fr\/wp-json\/wp\/v2\/comments?post=44435"}],"wp:featuredmedia":[{"embeddable":true,"href":"https:\/\/www.km-decor.ch\/fr\/wp-json\/wp\/v2\/media\/44490"}],"wp:attachment":[{"href":"https:\/\/www.km-decor.ch\/fr\/wp-json\/wp\/v2\/media?parent=44435"}],"wp:term":[{"taxonomy":"product_brand","embeddable":true,"href":"https:\/\/www.km-decor.ch\/fr\/wp-json\/wp\/v2\/product_brand?post=44435"},{"taxonomy":"product_cat","embeddable":true,"href":"https:\/\/www.km-decor.ch\/fr\/wp-json\/wp\/v2\/product_cat?post=44435"},{"taxonomy":"product_tag","embeddable":true,"href":"https:\/\/www.km-decor.ch\/fr\/wp-json\/wp\/v2\/product_tag?post=44435"}],"curies":[{"name":"wp","href":"https:\/\/api.w.org\/{rel}","templated":true}]}}