{"id":41822,"date":"2024-07-15T14:53:19","date_gmt":"2024-07-15T12:53:19","guid":{"rendered":"https:\/\/www.km-decor.ch\/produkt\/hv-tastschalter-230v-150w-schaltleistung-bei-led-betriebsgeraeten\/"},"modified":"2025-07-22T10:50:21","modified_gmt":"2025-07-22T08:50:21","slug":"hv-tastschalter-230v-150w-schaltleistung-bei-led-betriebsgeraeten","status":"publish","type":"product","link":"https:\/\/www.km-decor.ch\/fr\/produkt\/hv-tastschalter-230v-150w-schaltleistung-bei-led-betriebsgeraeten\/","title":{"rendered":"HV-bouton poussoir 230V \/ 150W de puissance de commutation pour les appareils de contr\u00f4le \u00e0 LED"},"content":{"rendered":"<p>150W Schaltleistung bei LED Betriebsger\u00e4ten \/ Zuleitung 2000mm mit Euroflachstecker \/ 500mm Euroflachkupplung \/ Sensor-Zuleitung 2000mm<\/p>","protected":false},"excerpt":{"rendered":"<p>150W Schaltleistung bei LED Betriebsger\u00e4ten \/ Zuleitung 2000mm mit Euroflachstecker \/ 500mm Euroflachkupplung \/ Sensor-Zuleitung 2000mm<\/p>","protected":false},"featured_media":41824,"comment_status":"closed","ping_status":"closed","template":"","meta":{"_acf_changed":false},"product_brand":[],"product_cat":[36],"product_tag":[],"class_list":{"0":"post-41822","1":"product","2":"type-product","3":"status-publish","4":"has-post-thumbnail","6":"product_cat-moebelschaltung","8":"first","9":"instock","10":"purchasable","11":"product-type-simple"},"acf":[],"_links":{"self":[{"href":"https:\/\/www.km-decor.ch\/fr\/wp-json\/wp\/v2\/product\/41822","targetHints":{"allow":["GET"]}}],"collection":[{"href":"https:\/\/www.km-decor.ch\/fr\/wp-json\/wp\/v2\/product"}],"about":[{"href":"https:\/\/www.km-decor.ch\/fr\/wp-json\/wp\/v2\/types\/product"}],"replies":[{"embeddable":true,"href":"https:\/\/www.km-decor.ch\/fr\/wp-json\/wp\/v2\/comments?post=41822"}],"wp:featuredmedia":[{"embeddable":true,"href":"https:\/\/www.km-decor.ch\/fr\/wp-json\/wp\/v2\/media\/41824"}],"wp:attachment":[{"href":"https:\/\/www.km-decor.ch\/fr\/wp-json\/wp\/v2\/media?parent=41822"}],"wp:term":[{"taxonomy":"product_brand","embeddable":true,"href":"https:\/\/www.km-decor.ch\/fr\/wp-json\/wp\/v2\/product_brand?post=41822"},{"taxonomy":"product_cat","embeddable":true,"href":"https:\/\/www.km-decor.ch\/fr\/wp-json\/wp\/v2\/product_cat?post=41822"},{"taxonomy":"product_tag","embeddable":true,"href":"https:\/\/www.km-decor.ch\/fr\/wp-json\/wp\/v2\/product_tag?post=41822"}],"curies":[{"name":"wp","href":"https:\/\/api.w.org\/{rel}","templated":true}]}}