{"id":41816,"date":"2024-07-15T14:53:15","date_gmt":"2024-07-15T12:53:15","guid":{"rendered":"https:\/\/www.km-decor.ch\/produkt\/funkfernbedienung-zu-rgb-funkempfaenger\/"},"modified":"2026-01-08T12:37:26","modified_gmt":"2026-01-08T11:37:26","slug":"funkfernbedienung-zu-rgb-funkempfaenger","status":"publish","type":"product","link":"https:\/\/www.km-decor.ch\/fr\/produkt\/funkfernbedienung-zu-rgb-funkempfaenger\/","title":{"rendered":"T\u00e9l\u00e9commande radio pour r\u00e9cepteur RGB"},"content":{"rendered":"<p>Charge 4x 5A \/ avec pile \/ layout ergonomique \u00e0 13 touches \/ fonction : 1x t\u00e9l\u00e9commande radio 4 zones et max. 4x r\u00e9cepteur 4 zones \/ 4 zones individuelles (1 zone \/ r\u00e9cepteur) s\u00e9lectionnables par radio<\/p>\n<p><span style=\"color: #ff0000;\">Wichtig: Auch Programmiert erh\u00e4ltlich! Bitte bei Bestellung Zonen angeben.<\/span><\/p>","protected":false},"excerpt":{"rendered":"<p>Belastung 4x 5A \/ mit Batterie \/ ergonomisches 13-Tasten Layout \/ Funktion: 1x 4-Zonen Funkfernbedienung und max. 4x 4-Zonen Empf\u00e4nger \/ 4 einzelne Zonen (1 Zone \/ Empf\u00e4nger) per Funk anw\u00e4hlbar Wichtig: Auch Programmiert erh\u00e4ltlich! Bitte bei Bestellung Zonen angeben.<\/p>","protected":false},"featured_media":37519,"comment_status":"closed","ping_status":"closed","template":"","meta":{"_acf_changed":false},"product_brand":[],"product_cat":[35],"product_tag":[],"class_list":{"0":"post-41816","1":"product","2":"type-product","3":"status-publish","4":"has-post-thumbnail","6":"product_cat-moebelfunk","8":"first","9":"outofstock","10":"product-type-simple"},"acf":[],"_links":{"self":[{"href":"https:\/\/www.km-decor.ch\/fr\/wp-json\/wp\/v2\/product\/41816","targetHints":{"allow":["GET"]}}],"collection":[{"href":"https:\/\/www.km-decor.ch\/fr\/wp-json\/wp\/v2\/product"}],"about":[{"href":"https:\/\/www.km-decor.ch\/fr\/wp-json\/wp\/v2\/types\/product"}],"replies":[{"embeddable":true,"href":"https:\/\/www.km-decor.ch\/fr\/wp-json\/wp\/v2\/comments?post=41816"}],"wp:featuredmedia":[{"embeddable":true,"href":"https:\/\/www.km-decor.ch\/fr\/wp-json\/wp\/v2\/media\/37519"}],"wp:attachment":[{"href":"https:\/\/www.km-decor.ch\/fr\/wp-json\/wp\/v2\/media?parent=41816"}],"wp:term":[{"taxonomy":"product_brand","embeddable":true,"href":"https:\/\/www.km-decor.ch\/fr\/wp-json\/wp\/v2\/product_brand?post=41816"},{"taxonomy":"product_cat","embeddable":true,"href":"https:\/\/www.km-decor.ch\/fr\/wp-json\/wp\/v2\/product_cat?post=41816"},{"taxonomy":"product_tag","embeddable":true,"href":"https:\/\/www.km-decor.ch\/fr\/wp-json\/wp\/v2\/product_tag?post=41816"}],"curies":[{"name":"wp","href":"https:\/\/api.w.org\/{rel}","templated":true}]}}