{"id":41684,"date":"2024-07-15T14:51:04","date_gmt":"2024-07-15T12:51:04","guid":{"rendered":"https:\/\/www.km-decor.ch\/produkt\/led-spiegelschrankleuchte-ld-8015-a-9w-3000k\/"},"modified":"2025-12-11T14:12:43","modified_gmt":"2025-12-11T13:12:43","slug":"led-spiegelschrankleuchte-ld-8015-a-9w-3000k","status":"publish","type":"product","link":"https:\/\/www.km-decor.ch\/fr\/produkt\/led-spiegelschrankleuchte-ld-8015-a-9w-3000k\/","title":{"rendered":"Luminaire LED pour salles de bain LD 8015 A"},"content":{"rendered":"<p>230V \/ 9-18,5W \/ RA80 \/ 108Lm\/W \/ 3000K et 4000K \/ ballast int\u00e9gr\u00e9 dans le luminaire \/ c\u00e2ble de connexion 1400mm avec embouts pour connexion directe \/ non gradable<\/p>\n<p><strong>ACHTUNG:<\/strong> Bestellungen mit Sonderl\u00e4ngen k\u00f6nnen nur innerhalb von maximal 24 Stunden nach Bestelleingang ge\u00e4ndert oder storniert werden!<\/p>","protected":false},"excerpt":{"rendered":"<p>230V \/ 9-18.5W \/ RA80 \/ 108Lm\/W \/ 3000K und 4000K \/ Vorschaltger\u00e4t in Leuchte eingebaut \/ Anschlussleitung 1400mm mit Aderendh\u00fclsen f\u00fcr Direktanschluss \/ nicht dimmbar ACHTUNG: Bestellungen mit Sonderl\u00e4ngen k\u00f6nnen nur innerhalb von maximal 24 Stunden nach Bestelleingang ge\u00e4ndert oder storniert werden!<\/p>","protected":false},"featured_media":37375,"comment_status":"closed","ping_status":"closed","template":"","meta":{"_acf_changed":false},"product_brand":[],"product_cat":[29],"product_tag":[],"class_list":{"0":"post-41684","1":"product","2":"type-product","3":"status-publish","4":"has-post-thumbnail","6":"product_cat-led-aufbau-linear","8":"first","9":"instock","10":"purchasable","11":"product-type-variable","12":"has-default-attributes"},"acf":[],"_links":{"self":[{"href":"https:\/\/www.km-decor.ch\/fr\/wp-json\/wp\/v2\/product\/41684","targetHints":{"allow":["GET"]}}],"collection":[{"href":"https:\/\/www.km-decor.ch\/fr\/wp-json\/wp\/v2\/product"}],"about":[{"href":"https:\/\/www.km-decor.ch\/fr\/wp-json\/wp\/v2\/types\/product"}],"replies":[{"embeddable":true,"href":"https:\/\/www.km-decor.ch\/fr\/wp-json\/wp\/v2\/comments?post=41684"}],"wp:featuredmedia":[{"embeddable":true,"href":"https:\/\/www.km-decor.ch\/fr\/wp-json\/wp\/v2\/media\/37375"}],"wp:attachment":[{"href":"https:\/\/www.km-decor.ch\/fr\/wp-json\/wp\/v2\/media?parent=41684"}],"wp:term":[{"taxonomy":"product_brand","embeddable":true,"href":"https:\/\/www.km-decor.ch\/fr\/wp-json\/wp\/v2\/product_brand?post=41684"},{"taxonomy":"product_cat","embeddable":true,"href":"https:\/\/www.km-decor.ch\/fr\/wp-json\/wp\/v2\/product_cat?post=41684"},{"taxonomy":"product_tag","embeddable":true,"href":"https:\/\/www.km-decor.ch\/fr\/wp-json\/wp\/v2\/product_tag?post=41684"}],"curies":[{"name":"wp","href":"https:\/\/api.w.org\/{rel}","templated":true}]}}