{"id":41491,"date":"2024-07-15T14:48:09","date_gmt":"2024-07-15T12:48:09","guid":{"rendered":"https:\/\/www.km-decor.ch\/produkt\/led-auf-anbauleuchte-lara-usb-4-5w-2700k-stahl-mit-doppeltem-usb-anschluss\/"},"modified":"2025-07-17T08:25:34","modified_gmt":"2025-07-17T06:25:34","slug":"led-auf-anbauleuchte-lara-usb-4-5w-2700k-stahl-mit-doppeltem-usb-anschluss","status":"publish","type":"product","link":"https:\/\/www.km-decor.ch\/fr\/produkt\/led-auf-anbauleuchte-lara-usb-4-5w-2700k-stahl-mit-doppeltem-usb-anschluss\/","title":{"rendered":"Luminaire LED en applique Lara \/ USB"},"content":{"rendered":"<p>24V DC \/ 4.5W \/ RA90 \/ 65Lm\/W \/ 2700K \/ C\u00e2ble d'alimentation pour connexion USB 2000mm avec mini-fiche JMT \/ C\u00e2ble d'alimentation pour LED 2000mm avec mini-fiche \/ avec double connexion USB<br \/>\nInfo: bei bauseits geschalteter Steckdose wird ein zweites Betriebsger\u00e4t (83.015.12) f\u00fcr Dauerstrom ben\u00f6tigt.<\/p>","protected":false},"excerpt":{"rendered":"<p>24V DC \/ 4.5W \/ RA90 \/ 65Lm\/W \/ 2700K \/ Zuleitung f\u00fcr USB Anschluss 2000mm mit JMT Ministecker \/ Zuleitung f\u00fcr LED 2000mm mit Ministecker \/ mit doppeltem USB Anschluss Info: bei bauseits geschalteter Steckdose wird ein zweites Betriebsger\u00e4t (83.015.12) f\u00fcr Dauerstrom ben\u00f6tigt.<\/p>","protected":false},"featured_media":37173,"comment_status":"closed","ping_status":"closed","template":"","meta":{"_acf_changed":false},"product_brand":[],"product_cat":[31],"product_tag":[],"class_list":{"0":"post-41491","1":"product","2":"type-product","3":"status-publish","4":"has-post-thumbnail","6":"product_cat-led-aufbauspots","8":"first","9":"instock","10":"purchasable","11":"product-type-simple"},"acf":[],"_links":{"self":[{"href":"https:\/\/www.km-decor.ch\/fr\/wp-json\/wp\/v2\/product\/41491","targetHints":{"allow":["GET"]}}],"collection":[{"href":"https:\/\/www.km-decor.ch\/fr\/wp-json\/wp\/v2\/product"}],"about":[{"href":"https:\/\/www.km-decor.ch\/fr\/wp-json\/wp\/v2\/types\/product"}],"replies":[{"embeddable":true,"href":"https:\/\/www.km-decor.ch\/fr\/wp-json\/wp\/v2\/comments?post=41491"}],"wp:featuredmedia":[{"embeddable":true,"href":"https:\/\/www.km-decor.ch\/fr\/wp-json\/wp\/v2\/media\/37173"}],"wp:attachment":[{"href":"https:\/\/www.km-decor.ch\/fr\/wp-json\/wp\/v2\/media?parent=41491"}],"wp:term":[{"taxonomy":"product_brand","embeddable":true,"href":"https:\/\/www.km-decor.ch\/fr\/wp-json\/wp\/v2\/product_brand?post=41491"},{"taxonomy":"product_cat","embeddable":true,"href":"https:\/\/www.km-decor.ch\/fr\/wp-json\/wp\/v2\/product_cat?post=41491"},{"taxonomy":"product_tag","embeddable":true,"href":"https:\/\/www.km-decor.ch\/fr\/wp-json\/wp\/v2\/product_tag?post=41491"}],"curies":[{"name":"wp","href":"https:\/\/api.w.org\/{rel}","templated":true}]}}