{"id":41489,"date":"2024-07-15T14:48:07","date_gmt":"2024-07-15T12:48:07","guid":{"rendered":"https:\/\/www.km-decor.ch\/produkt\/led-auf-anbauleuchte-lara-master-4-5w-2700k-schwarz-mit-integriertem-dimmschalter\/"},"modified":"2025-07-17T08:25:27","modified_gmt":"2025-07-17T06:25:27","slug":"led-auf-anbauleuchte-lara-master-4-5w-2700k-schwarz-mit-integriertem-dimmschalter","status":"publish","type":"product","link":"https:\/\/www.km-decor.ch\/fr\/produkt\/led-auf-anbauleuchte-lara-master-4-5w-2700k-schwarz-mit-integriertem-dimmschalter\/","title":{"rendered":"LED Auf- \/ Anbauleuchte Lara \/ Master \/ mit integriertem Dimmschalter"},"content":{"rendered":"<p>24V DC \/ 4.5W \/ RA90 \/ 65Lm\/W \/ 2700K \/ C\u00e2ble d'alimentation vers l'appareillage 2000mm avec mini-fiche JMT \/ C\u00e2ble d'alimentation avec distributeur JMT 12 bornes les luminaires 2000mm \/ avec variateur d'intensit\u00e9 int\u00e9gr\u00e9<\/p>","protected":false},"excerpt":{"rendered":"<p>24V DC \/ 4.5W \/ RA90 \/ 65Lm\/W \/ 2700K \/ C\u00e2ble d'alimentation vers l'appareillage 2000mm avec mini-fiche JMT \/ C\u00e2ble d'alimentation avec distributeur JMT 12 bornes les luminaires 2000mm \/ avec variateur d'intensit\u00e9 int\u00e9gr\u00e9<\/p>","protected":false},"featured_media":37170,"comment_status":"closed","ping_status":"closed","template":"","meta":{"_acf_changed":false},"product_brand":[],"product_cat":[31],"product_tag":[],"class_list":{"0":"post-41489","1":"product","2":"type-product","3":"status-publish","4":"has-post-thumbnail","6":"product_cat-led-aufbauspots","8":"first","9":"instock","10":"purchasable","11":"product-type-simple"},"acf":[],"_links":{"self":[{"href":"https:\/\/www.km-decor.ch\/fr\/wp-json\/wp\/v2\/product\/41489","targetHints":{"allow":["GET"]}}],"collection":[{"href":"https:\/\/www.km-decor.ch\/fr\/wp-json\/wp\/v2\/product"}],"about":[{"href":"https:\/\/www.km-decor.ch\/fr\/wp-json\/wp\/v2\/types\/product"}],"replies":[{"embeddable":true,"href":"https:\/\/www.km-decor.ch\/fr\/wp-json\/wp\/v2\/comments?post=41489"}],"wp:featuredmedia":[{"embeddable":true,"href":"https:\/\/www.km-decor.ch\/fr\/wp-json\/wp\/v2\/media\/37170"}],"wp:attachment":[{"href":"https:\/\/www.km-decor.ch\/fr\/wp-json\/wp\/v2\/media?parent=41489"}],"wp:term":[{"taxonomy":"product_brand","embeddable":true,"href":"https:\/\/www.km-decor.ch\/fr\/wp-json\/wp\/v2\/product_brand?post=41489"},{"taxonomy":"product_cat","embeddable":true,"href":"https:\/\/www.km-decor.ch\/fr\/wp-json\/wp\/v2\/product_cat?post=41489"},{"taxonomy":"product_tag","embeddable":true,"href":"https:\/\/www.km-decor.ch\/fr\/wp-json\/wp\/v2\/product_tag?post=41489"}],"curies":[{"name":"wp","href":"https:\/\/api.w.org\/{rel}","templated":true}]}}