{"id":41433,"date":"2024-07-15T14:46:54","date_gmt":"2024-07-15T12:46:54","guid":{"rendered":"https:\/\/www.km-decor.ch\/produkt\/anschlussleitung-2-polig-2x-0-75mm2-universal-zum-loeten-mit-losen-enden-fuer-direkt-anschluss-bis-2000mm\/"},"modified":"2024-07-15T16:46:56","modified_gmt":"2024-07-15T14:46:56","slug":"anschlussleitung-2-polig-2x-0-75mm2-universal-zum-loeten-mit-losen-enden-fuer-direkt-anschluss-bis-2000mm","status":"publish","type":"product","link":"https:\/\/www.km-decor.ch\/fr\/produkt\/anschlussleitung-2-polig-2x-0-75mm2-universal-zum-loeten-mit-losen-enden-fuer-direkt-anschluss-bis-2000mm\/","title":{"rendered":"C\u00e2ble de connexion 2-p\u00f4les 2x 0.75mm2 universel pour le soudage \/ avec extr\u00e9mit\u00e9s libres pour connexion directe jusqu'\u00e0 2000mm"},"content":{"rendered":"","protected":false},"excerpt":{"rendered":"","protected":false},"featured_media":37111,"comment_status":"closed","ping_status":"closed","template":"","meta":{"_acf_changed":false},"product_brand":[],"product_cat":[32],"product_tag":[],"class_list":{"0":"post-41433","1":"product","2":"type-product","3":"status-publish","4":"has-post-thumbnail","6":"product_cat-led-einbau-linear","8":"first","9":"instock","10":"purchasable","11":"product-type-simple"},"acf":[],"_links":{"self":[{"href":"https:\/\/www.km-decor.ch\/fr\/wp-json\/wp\/v2\/product\/41433","targetHints":{"allow":["GET"]}}],"collection":[{"href":"https:\/\/www.km-decor.ch\/fr\/wp-json\/wp\/v2\/product"}],"about":[{"href":"https:\/\/www.km-decor.ch\/fr\/wp-json\/wp\/v2\/types\/product"}],"replies":[{"embeddable":true,"href":"https:\/\/www.km-decor.ch\/fr\/wp-json\/wp\/v2\/comments?post=41433"}],"wp:featuredmedia":[{"embeddable":true,"href":"https:\/\/www.km-decor.ch\/fr\/wp-json\/wp\/v2\/media\/37111"}],"wp:attachment":[{"href":"https:\/\/www.km-decor.ch\/fr\/wp-json\/wp\/v2\/media?parent=41433"}],"wp:term":[{"taxonomy":"product_brand","embeddable":true,"href":"https:\/\/www.km-decor.ch\/fr\/wp-json\/wp\/v2\/product_brand?post=41433"},{"taxonomy":"product_cat","embeddable":true,"href":"https:\/\/www.km-decor.ch\/fr\/wp-json\/wp\/v2\/product_cat?post=41433"},{"taxonomy":"product_tag","embeddable":true,"href":"https:\/\/www.km-decor.ch\/fr\/wp-json\/wp\/v2\/product_tag?post=41433"}],"curies":[{"name":"wp","href":"https:\/\/api.w.org\/{rel}","templated":true}]}}