{"id":41384,"date":"2024-07-15T14:46:07","date_gmt":"2024-07-15T12:46:07","guid":{"rendered":"https:\/\/www.km-decor.ch\/produkt\/betriebsgeraet-zu-led-24v-dc-systemen-12w\/"},"modified":"2026-01-19T14:44:56","modified_gmt":"2026-01-19T13:44:56","slug":"betriebsgeraet-zu-led-24v-dc-systemen-12w","status":"publish","type":"product","link":"https:\/\/www.km-decor.ch\/fr\/produkt\/betriebsgeraet-zu-led-24v-dc-systemen-12w\/","title":{"rendered":"L'appareil d'alimentation pour syst\u00e8mes LED 24V DC \/ 12W"},"content":{"rendered":"<p>C\u00e2bles primaires 100mm avec extr\u00e9mit\u00e9s libres \/ C\u00e2bles secondaires 100mm avec extr\u00e9mit\u00e9s libres (12W)<\/p>","protected":false},"excerpt":{"rendered":"<p>C\u00e2bles primaires 100mm avec extr\u00e9mit\u00e9s libres \/ C\u00e2bles secondaires 100mm avec extr\u00e9mit\u00e9s libres (12W)<\/p>","protected":false},"featured_media":37057,"comment_status":"closed","ping_status":"closed","template":"","meta":{"_acf_changed":false},"product_brand":[],"product_cat":[28],"product_tag":[],"class_list":{"0":"post-41384","1":"product","2":"type-product","3":"status-publish","4":"has-post-thumbnail","6":"product_cat-elektriker-bauseits","8":"first","9":"instock","10":"purchasable","11":"product-type-simple"},"acf":[],"_links":{"self":[{"href":"https:\/\/www.km-decor.ch\/fr\/wp-json\/wp\/v2\/product\/41384","targetHints":{"allow":["GET"]}}],"collection":[{"href":"https:\/\/www.km-decor.ch\/fr\/wp-json\/wp\/v2\/product"}],"about":[{"href":"https:\/\/www.km-decor.ch\/fr\/wp-json\/wp\/v2\/types\/product"}],"replies":[{"embeddable":true,"href":"https:\/\/www.km-decor.ch\/fr\/wp-json\/wp\/v2\/comments?post=41384"}],"wp:featuredmedia":[{"embeddable":true,"href":"https:\/\/www.km-decor.ch\/fr\/wp-json\/wp\/v2\/media\/37057"}],"wp:attachment":[{"href":"https:\/\/www.km-decor.ch\/fr\/wp-json\/wp\/v2\/media?parent=41384"}],"wp:term":[{"taxonomy":"product_brand","embeddable":true,"href":"https:\/\/www.km-decor.ch\/fr\/wp-json\/wp\/v2\/product_brand?post=41384"},{"taxonomy":"product_cat","embeddable":true,"href":"https:\/\/www.km-decor.ch\/fr\/wp-json\/wp\/v2\/product_cat?post=41384"},{"taxonomy":"product_tag","embeddable":true,"href":"https:\/\/www.km-decor.ch\/fr\/wp-json\/wp\/v2\/product_tag?post=41384"}],"curies":[{"name":"wp","href":"https:\/\/api.w.org\/{rel}","templated":true}]}}