{"id":41349,"date":"2024-07-15T14:45:34","date_gmt":"2024-07-15T12:45:34","guid":{"rendered":"https:\/\/www.km-decor.ch\/produkt\/4-kanal-zonen-funk-dimmer-empfaenger-12v-dc-max-240watt-24v-dc-max-480watt\/"},"modified":"2026-03-02T11:12:08","modified_gmt":"2026-03-02T10:12:08","slug":"4-kanal-zonen-funk-dimmer-empfaenger-12v-dc-max-240watt-24v-dc-max-480watt","status":"publish","type":"product","link":"https:\/\/www.km-decor.ch\/de\/produkt\/4-kanal-zonen-funk-dimmer-empfaenger-12v-dc-max-240watt-24v-dc-max-480watt\/","title":{"rendered":"4-Kanal \/ Zonen Funk-Dimmer Empf\u00e4nger \/ 12V DC max. 240Watt \/ 24V DC max. 480Watt"},"content":{"rendered":"<p>12V DC max. 240W \/ 24V DC max. 480W \/ Belastung 4x 5A \/ Reichweite ca. 20m<\/p>\n<p>Als 4-Kanal Empf\u00e4nger = 4 einzelne Kan\u00e4le mit je 1 Ausgang mit JMT Stecksystem<\/p>\n<p>Als 4-Zonen Empf\u00e4nger = 4 parallele Kan\u00e4le \/ 1 Zone mit je 1 Ausgang mit JMT Stecksystem<\/p>\n<p><span style=\"color: #ff0000;\">Wichtig: Auch Programmiert erh\u00e4ltlich! Bitte bei Bestellung Zonen angeben.<\/span><\/p>\n","protected":false},"excerpt":{"rendered":"<p>12V DC max. 240W \/ 24V DC max. 480W \/ Belastung 4x 5A \/ Reichweite ca. 20m Als 4-Kanal Empf\u00e4nger = 4 einzelne Kan\u00e4le mit je 1 Ausgang mit JMT Stecksystem Als 4-Zonen Empf\u00e4nger = 4 parallele Kan\u00e4le \/ 1 Zone mit je 1 Ausgang mit JMT Stecksystem Wichtig: Auch Programmiert erh\u00e4ltlich! Bitte bei Bestellung [&hellip;]<\/p>\n","protected":false},"featured_media":42300,"comment_status":"closed","ping_status":"closed","template":"","meta":{"_acf_changed":false},"product_brand":[],"product_cat":[35],"product_tag":[],"class_list":{"0":"post-41349","1":"product","2":"type-product","3":"status-publish","4":"has-post-thumbnail","6":"product_cat-moebelfunk","8":"first","9":"instock","10":"purchasable","11":"product-type-simple"},"acf":[],"_links":{"self":[{"href":"https:\/\/www.km-decor.ch\/de\/wp-json\/wp\/v2\/product\/41349","targetHints":{"allow":["GET"]}}],"collection":[{"href":"https:\/\/www.km-decor.ch\/de\/wp-json\/wp\/v2\/product"}],"about":[{"href":"https:\/\/www.km-decor.ch\/de\/wp-json\/wp\/v2\/types\/product"}],"replies":[{"embeddable":true,"href":"https:\/\/www.km-decor.ch\/de\/wp-json\/wp\/v2\/comments?post=41349"}],"wp:featuredmedia":[{"embeddable":true,"href":"https:\/\/www.km-decor.ch\/de\/wp-json\/wp\/v2\/media\/42300"}],"wp:attachment":[{"href":"https:\/\/www.km-decor.ch\/de\/wp-json\/wp\/v2\/media?parent=41349"}],"wp:term":[{"taxonomy":"product_brand","embeddable":true,"href":"https:\/\/www.km-decor.ch\/de\/wp-json\/wp\/v2\/product_brand?post=41349"},{"taxonomy":"product_cat","embeddable":true,"href":"https:\/\/www.km-decor.ch\/de\/wp-json\/wp\/v2\/product_cat?post=41349"},{"taxonomy":"product_tag","embeddable":true,"href":"https:\/\/www.km-decor.ch\/de\/wp-json\/wp\/v2\/product_tag?post=41349"}],"curies":[{"name":"wp","href":"https:\/\/api.w.org\/{rel}","templated":true}]}}