{"id":41347,"date":"2024-07-15T14:45:33","date_gmt":"2024-07-15T12:45:33","guid":{"rendered":"https:\/\/www.km-decor.ch\/produkt\/4-zonen-funk-fernbedienung\/"},"modified":"2026-01-06T14:39:35","modified_gmt":"2026-01-06T13:39:35","slug":"4-zonen-funk-fernbedienung","status":"publish","type":"product","link":"https:\/\/www.km-decor.ch\/de\/produkt\/4-zonen-funk-fernbedienung\/","title":{"rendered":"4-Zonen Funk-Fernbedienung"},"content":{"rendered":"<p>Belastung 4x 5A \/ mit Batterie \/ ergonomisches 10-Tasten Layout \/ Funktion: 1x 4-Zonen Funkfernbedienung und max. 4x 4-Zonen Empf\u00e4nger = 4 einzelne Zonen (1 Zone \/ Empf\u00e4nger) per Funk anw\u00e4hlbar<\/p>\n<p><span style=\"color: #ff0000;\">Wichtig: Auch Programmiert erh\u00e4ltlich! Bitte bei Bestellung Zonen angeben.<\/span><\/p>\n","protected":false},"excerpt":{"rendered":"<p>Belastung 4x 5A \/ mit Batterie \/ ergonomisches 10-Tasten Layout \/ Funktion: 1x 4-Zonen Funkfernbedienung und max. 4x 4-Zonen Empf\u00e4nger = 4 einzelne Zonen (1 Zone \/ Empf\u00e4nger) per Funk anw\u00e4hlbar Wichtig: Auch Programmiert erh\u00e4ltlich! Bitte bei Bestellung Zonen angeben.<\/p>\n","protected":false},"featured_media":37010,"comment_status":"closed","ping_status":"closed","template":"","meta":{"_acf_changed":false},"product_brand":[],"product_cat":[35],"product_tag":[],"class_list":{"0":"post-41347","1":"product","2":"type-product","3":"status-publish","4":"has-post-thumbnail","6":"product_cat-moebelfunk","8":"first","9":"instock","10":"purchasable","11":"product-type-simple"},"acf":[],"_links":{"self":[{"href":"https:\/\/www.km-decor.ch\/de\/wp-json\/wp\/v2\/product\/41347","targetHints":{"allow":["GET"]}}],"collection":[{"href":"https:\/\/www.km-decor.ch\/de\/wp-json\/wp\/v2\/product"}],"about":[{"href":"https:\/\/www.km-decor.ch\/de\/wp-json\/wp\/v2\/types\/product"}],"replies":[{"embeddable":true,"href":"https:\/\/www.km-decor.ch\/de\/wp-json\/wp\/v2\/comments?post=41347"}],"wp:featuredmedia":[{"embeddable":true,"href":"https:\/\/www.km-decor.ch\/de\/wp-json\/wp\/v2\/media\/37010"}],"wp:attachment":[{"href":"https:\/\/www.km-decor.ch\/de\/wp-json\/wp\/v2\/media?parent=41347"}],"wp:term":[{"taxonomy":"product_brand","embeddable":true,"href":"https:\/\/www.km-decor.ch\/de\/wp-json\/wp\/v2\/product_brand?post=41347"},{"taxonomy":"product_cat","embeddable":true,"href":"https:\/\/www.km-decor.ch\/de\/wp-json\/wp\/v2\/product_cat?post=41347"},{"taxonomy":"product_tag","embeddable":true,"href":"https:\/\/www.km-decor.ch\/de\/wp-json\/wp\/v2\/product_tag?post=41347"}],"curies":[{"name":"wp","href":"https:\/\/api.w.org\/{rel}","templated":true}]}}